{"id":22357,"date":"2024-03-11T16:15:59","date_gmt":"2024-03-11T16:15:59","guid":{"rendered":"https:\/\/analyticsmart.com\/?page_id=22357"},"modified":"2024-03-14T16:24:17","modified_gmt":"2024-03-14T16:24:17","slug":"our-values","status":"publish","type":"page","link":"https:\/\/analyticsmart.com\/fr\/our-values\/","title":{"rendered":"Nos Valeurs"},"content":{"rendered":"<div data-elementor-type=\"wp-page\" data-elementor-id=\"22357\" class=\"elementor elementor-22357\">\n\t\t\t\t<div class=\"elementor-element elementor-element-a16f503 e-flex e-con-boxed e-con e-parent\" data-id=\"a16f503\" data-element_type=\"container\" data-e-type=\"container\" data-settings=\"{&quot;background_background&quot;:&quot;classic&quot;}\">\n\t\t\t\t\t<div class=\"e-con-inner\">\n\t\t<div class=\"elementor-element elementor-element-4f53038d e-con-full e-flex e-con e-child\" data-id=\"4f53038d\" data-element_type=\"container\" data-e-type=\"container\">\n\t\t\t\t<div class=\"elementor-element elementor-element-436e6340 animated-fast elementor-invisible elementor-widget elementor-widget-elementskit-heading\" data-id=\"436e6340\" data-element_type=\"widget\" data-e-type=\"widget\" data-settings=\"{&quot;_animation&quot;:&quot;fadeIn&quot;,&quot;_animation_delay&quot;:100,&quot;ekit_we_effect_on&quot;:&quot;none&quot;}\" data-widget_type=\"elementskit-heading.default\">\n\t\t\t\t<div class=\"elementor-widget-container\">\n\t\t\t\t\t<div class=\"ekit-wid-con\" ><div class=\"ekit-heading elementskit-section-title-wraper text_center   ekit_heading_tablet-   ekit_heading_mobile-text_center\"><h6 class=\"elementskit-section-subtitle\">\n\t\t\t\t\t\tWho we are\n\t\t\t\t\t<\/h6><h1 class=\"ekit-heading--title elementskit-section-title\">Nos Valeurs<\/h1>\t\t\t\t<div class='ekit-heading__description'>\n\t\t\t\t\t<p>Avec une passion pour la technologie et un engagement envers l'excellence, nous donnons aux entreprises les moyens de prosp\u00e9rer dans le paysage du commerce de d\u00e9tail.<\/p>\n\t\t\t\t<\/div>\n\t\t\t<\/div><\/div>\t\t\t\t<\/div>\n\t\t\t\t<\/div>\n\t\t\t\t<\/div>\n\t\t\t\t\t<\/div>\n\t\t\t\t<\/div>\n\t\t<div class=\"elementor-element elementor-element-1ea7270d e-flex e-con-boxed e-con e-parent\" data-id=\"1ea7270d\" data-element_type=\"container\" data-e-type=\"container\">\n\t\t\t\t\t<div class=\"e-con-inner\">\n\t\t<div class=\"elementor-element elementor-element-32009a47 e-con-full animated-fast e-flex elementor-invisible e-con e-child\" data-id=\"32009a47\" data-element_type=\"container\" data-e-type=\"container\" data-settings=\"{&quot;background_background&quot;:&quot;classic&quot;,&quot;animation&quot;:&quot;fadeInUp&quot;,&quot;animation_delay&quot;:100}\">\n\t\t<div class=\"elementor-element elementor-element-34557229 e-con-full e-flex e-con e-child\" data-id=\"34557229\" data-element_type=\"container\" data-e-type=\"container\">\n\t\t\t\t<div class=\"elementor-element elementor-element-4799ba61 animated-fast elementor-invisible elementor-widget elementor-widget-elementskit-heading\" data-id=\"4799ba61\" data-element_type=\"widget\" data-e-type=\"widget\" data-settings=\"{&quot;_animation&quot;:&quot;fadeIn&quot;,&quot;_animation_delay&quot;:100,&quot;ekit_we_effect_on&quot;:&quot;none&quot;}\" data-widget_type=\"elementskit-heading.default\">\n\t\t\t\t<div class=\"elementor-widget-container\">\n\t\t\t\t\t<div class=\"ekit-wid-con\" ><div class=\"ekit-heading elementskit-section-title-wraper text_left   ekit_heading_tablet-   ekit_heading_mobile-text_left\"><h2 class=\"ekit-heading--title elementskit-section-title\">Diversit\u00e9<\/h2><\/div><\/div>\t\t\t\t<\/div>\n\t\t\t\t<\/div>\n\t\t<div class=\"elementor-element elementor-element-11d70aab e-con-full e-flex e-con e-child\" data-id=\"11d70aab\" data-element_type=\"container\" data-e-type=\"container\">\n\t\t\t\t<div class=\"elementor-element elementor-element-8845c61 elementor-widget elementor-widget-text-editor\" data-id=\"8845c61\" data-element_type=\"widget\" data-e-type=\"widget\" data-settings=\"{&quot;ekit_we_effect_on&quot;:&quot;none&quot;}\" data-widget_type=\"text-editor.default\">\n\t\t\t\t<div class=\"elementor-widget-container\">\n\t\t\t\t\t\t\t\t\t<p>Toronto est fi\u00e8rement reconnue comme la ville la plus multiculturelle au monde, un trait que nous aspirons \u00e0 refl\u00e9ter dans notre culture d'entreprise. Nous avons la chance de puiser dans un vivier de talents qui couvre le globe, refl\u00e9tant la diversit\u00e9 de ce grand pays. Notre objectif est de c\u00e9l\u00e9brer nos origines culturelles individuelles tout en formant une \u00e9quipe coh\u00e9rente.<\/p><p>Nos membres viennent du Canada, de l'Australie, de la Chine, de l'Inde, de l'Iran, de l'Irlande, du P\u00e9rou, des Philippines, du Vietnam et du Venezuela, repr\u00e9sentant un petit \u00e9chantillon de la diversit\u00e9 mondiale. Nous avons h\u00e2te d'\u00e9largir notre \u00e9quipe pour accueillir encore plus de talents venant du monde entier.<\/p><p>Chacun de nous apporte un ensemble unique de comp\u00e9tences et de talents, et chez Analyticsmart, nous nous engageons \u00e0 les cultiver d\u00e8s le moment o\u00f9 vous rejoignez notre famille professionnelle.<\/p>\t\t\t\t\t\t\t\t<\/div>\n\t\t\t\t<\/div>\n\t\t\t\t<\/div>\n\t\t\t\t<\/div>\n\t\t\t\t<\/div>\n\t\t\t\t\t<\/div>\n\t\t\t\t<\/div>\n\t\t<div class=\"elementor-element elementor-element-7222ff7 e-flex e-con-boxed e-con e-parent\" data-id=\"7222ff7\" data-element_type=\"container\" data-e-type=\"container\">\n\t\t\t\t\t<div class=\"e-con-inner\">\n\t\t<div class=\"elementor-element elementor-element-0a1782f e-con-full animated-fast e-flex elementor-invisible e-con e-child\" data-id=\"0a1782f\" data-element_type=\"container\" data-e-type=\"container\" data-settings=\"{&quot;background_background&quot;:&quot;classic&quot;,&quot;animation&quot;:&quot;fadeInUp&quot;,&quot;animation_delay&quot;:100}\">\n\t\t<div class=\"elementor-element elementor-element-f1531b1 e-con-full e-flex e-con e-child\" data-id=\"f1531b1\" data-element_type=\"container\" data-e-type=\"container\">\n\t\t\t\t<div class=\"elementor-element elementor-element-b2f6f29 animated-fast elementor-invisible elementor-widget elementor-widget-elementskit-heading\" data-id=\"b2f6f29\" data-element_type=\"widget\" data-e-type=\"widget\" data-settings=\"{&quot;_animation&quot;:&quot;fadeIn&quot;,&quot;_animation_delay&quot;:100,&quot;ekit_we_effect_on&quot;:&quot;none&quot;}\" data-widget_type=\"elementskit-heading.default\">\n\t\t\t\t<div class=\"elementor-widget-container\">\n\t\t\t\t\t<div class=\"ekit-wid-con\" ><div class=\"ekit-heading elementskit-section-title-wraper text_left   ekit_heading_tablet-   ekit_heading_mobile-text_left\"><h2 class=\"ekit-heading--title elementskit-section-title\">Qualit\u00e9<\/h2><\/div><\/div>\t\t\t\t<\/div>\n\t\t\t\t<\/div>\n\t\t<div class=\"elementor-element elementor-element-9a2b85b e-con-full e-flex e-con e-child\" data-id=\"9a2b85b\" data-element_type=\"container\" data-e-type=\"container\">\n\t\t\t\t<div class=\"elementor-element elementor-element-5e0c52e elementor-widget elementor-widget-text-editor\" data-id=\"5e0c52e\" data-element_type=\"widget\" data-e-type=\"widget\" data-settings=\"{&quot;ekit_we_effect_on&quot;:&quot;none&quot;}\" data-widget_type=\"text-editor.default\">\n\t\t\t\t<div class=\"elementor-widget-container\">\n\t\t\t\t\t\t\t\t\t<p>Les \u00e9loges constants de nos partenaires commerciaux confirment la qualit\u00e9 exceptionnelle de nos produits finaux. Nos algorithmes distinctifs permettent une personnalisation sans effort, offrant une exp\u00e9rience rafra\u00eechissante \u00e0 nos clients dans un march\u00e9 par ailleurs g\u00e9n\u00e9rique.<\/p><p>Les standards que nous maintenons au sein de notre bureau se refl\u00e8tent dans l'excellence de nos services et produits, permettant en fin de compte le succ\u00e8s de votre \u00e9quipe.<\/p><p>C'est cet engagement in\u00e9branlable envers la qualit\u00e9 qui nous pousse constamment \u00e0 rechercher l'excellence. Nous nous engageons \u00e0 faire des am\u00e9liorations progressives chaque jour, travaillant \u00e0 cr\u00e9er quelque chose dont chacun peut \u00eatre fier.<\/p><p>Collaborons pour faire une diff\u00e9rence significative.<\/p><p>Nos membres viennent du Canada, de l'Australie, de la Chine, de l'Inde, de l'Iran, de l'Irlande, du P\u00e9rou, des Philippines, du Vietnam et du Venezuela, repr\u00e9sentant un petit \u00e9chantillon de la diversit\u00e9 mondiale. Nous avons h\u00e2te d'\u00e9largir notre \u00e9quipe pour accueillir encore plus de talents venant du monde entier.<\/p><p>Chacun de nous apporte un ensemble unique de comp\u00e9tences et de talents, et chez Analyticsmart, nous nous engageons \u00e0 les cultiver d\u00e8s le moment o\u00f9 vous rejoignez notre famille professionnelle.<\/p>\t\t\t\t\t\t\t\t<\/div>\n\t\t\t\t<\/div>\n\t\t\t\t<\/div>\n\t\t\t\t<\/div>\n\t\t\t\t<\/div>\n\t\t\t\t\t<\/div>\n\t\t\t\t<\/div>\n\t\t<div class=\"elementor-element elementor-element-d2b530f e-flex e-con-boxed e-con e-parent\" data-id=\"d2b530f\" data-element_type=\"container\" data-e-type=\"container\">\n\t\t\t\t\t<div class=\"e-con-inner\">\n\t\t<div class=\"elementor-element elementor-element-cdbed25 e-con-full animated-fast e-flex elementor-invisible e-con e-child\" data-id=\"cdbed25\" data-element_type=\"container\" data-e-type=\"container\" data-settings=\"{&quot;background_background&quot;:&quot;classic&quot;,&quot;animation&quot;:&quot;fadeInUp&quot;,&quot;animation_delay&quot;:100}\">\n\t\t<div class=\"elementor-element elementor-element-abd23d6 e-con-full e-flex e-con e-child\" data-id=\"abd23d6\" data-element_type=\"container\" data-e-type=\"container\">\n\t\t\t\t<div class=\"elementor-element elementor-element-3f7e76b animated-fast elementor-invisible elementor-widget elementor-widget-elementskit-heading\" data-id=\"3f7e76b\" data-element_type=\"widget\" data-e-type=\"widget\" data-settings=\"{&quot;_animation&quot;:&quot;fadeIn&quot;,&quot;_animation_delay&quot;:100,&quot;ekit_we_effect_on&quot;:&quot;none&quot;}\" data-widget_type=\"elementskit-heading.default\">\n\t\t\t\t<div class=\"elementor-widget-container\">\n\t\t\t\t\t<div class=\"ekit-wid-con\" ><div class=\"ekit-heading elementskit-section-title-wraper text_left   ekit_heading_tablet-   ekit_heading_mobile-text_left\"><h2 class=\"ekit-heading--title elementskit-section-title\">Int\u00e9grit\u00e9<\/h2><\/div><\/div>\t\t\t\t<\/div>\n\t\t\t\t<\/div>\n\t\t<div class=\"elementor-element elementor-element-0246152 e-con-full e-flex e-con e-child\" data-id=\"0246152\" data-element_type=\"container\" data-e-type=\"container\">\n\t\t\t\t<div class=\"elementor-element elementor-element-99a2414 elementor-widget elementor-widget-text-editor\" data-id=\"99a2414\" data-element_type=\"widget\" data-e-type=\"widget\" data-settings=\"{&quot;ekit_we_effect_on&quot;:&quot;none&quot;}\" data-widget_type=\"text-editor.default\">\n\t\t\t\t<div class=\"elementor-widget-container\">\n\t\t\t\t\t\t\t\t\t<p>Notre engagement est de mener chaque aspect de notre entreprise avec la plus grande honn\u00eatet\u00e9 et int\u00e9grit\u00e9 \u00e9thique. Nous prenons grand soin de s\u00e9lectionner les individus qui rejoignent notre \u00e9quipe, ainsi que de choisir des partenaires pour nos collaborations commerciales.<\/p><p>Notre processus d'entrevue complet et \u00e0 plusieurs niveaux est con\u00e7u sp\u00e9cifiquement pour garantir que nos employ\u00e9s partagent les standards \u00e9lev\u00e9s d'honn\u00eatet\u00e9 et d'\u00e9thique qui sont le pilier de notre entreprise.<\/p><p>De m\u00eame, nos clients sont soigneusement s\u00e9lectionn\u00e9s en fonction de leurs valeurs et principes moraux partag\u00e9s. Notre mission est de favoriser la croissance aux c\u00f4t\u00e9s de nos partenaires, un objectif qui ne peut \u00eatre atteint que lorsque tout le monde travaille ensemble vers les m\u00eames objectifs.<\/p><p>Il ne s'agit pas seulement de ce que vous faites, mais de la mani\u00e8re dont vous le faites.<\/p>\t\t\t\t\t\t\t\t<\/div>\n\t\t\t\t<\/div>\n\t\t\t\t<\/div>\n\t\t\t\t<\/div>\n\t\t\t\t<\/div>\n\t\t\t\t\t<\/div>\n\t\t\t\t<\/div>\n\t\t<div class=\"elementor-element elementor-element-7f7735f e-flex e-con-boxed e-con e-parent\" data-id=\"7f7735f\" data-element_type=\"container\" data-e-type=\"container\">\n\t\t\t\t\t<div class=\"e-con-inner\">\n\t\t<div class=\"elementor-element elementor-element-424daa9 e-con-full animated-fast e-flex elementor-invisible e-con e-child\" data-id=\"424daa9\" data-element_type=\"container\" data-e-type=\"container\" data-settings=\"{&quot;background_background&quot;:&quot;classic&quot;,&quot;animation&quot;:&quot;fadeInUp&quot;,&quot;animation_delay&quot;:100}\">\n\t\t<div class=\"elementor-element elementor-element-a2de853 e-con-full e-flex e-con e-child\" data-id=\"a2de853\" data-element_type=\"container\" data-e-type=\"container\">\n\t\t\t\t<div class=\"elementor-element elementor-element-39c8efb animated-fast elementor-invisible elementor-widget elementor-widget-elementskit-heading\" data-id=\"39c8efb\" data-element_type=\"widget\" data-e-type=\"widget\" data-settings=\"{&quot;_animation&quot;:&quot;fadeIn&quot;,&quot;_animation_delay&quot;:100,&quot;ekit_we_effect_on&quot;:&quot;none&quot;}\" data-widget_type=\"elementskit-heading.default\">\n\t\t\t\t<div class=\"elementor-widget-container\">\n\t\t\t\t\t<div class=\"ekit-wid-con\" ><div class=\"ekit-heading elementskit-section-title-wraper text_left   ekit_heading_tablet-   ekit_heading_mobile-text_left\"><h2 class=\"ekit-heading--title elementskit-section-title\">Apprentissage<\/h2><\/div><\/div>\t\t\t\t<\/div>\n\t\t\t\t<\/div>\n\t\t<div class=\"elementor-element elementor-element-b2be4c5 e-con-full e-flex e-con e-child\" data-id=\"b2be4c5\" data-element_type=\"container\" data-e-type=\"container\">\n\t\t\t\t<div class=\"elementor-element elementor-element-200b295 elementor-widget elementor-widget-text-editor\" data-id=\"200b295\" data-element_type=\"widget\" data-e-type=\"widget\" data-settings=\"{&quot;ekit_we_effect_on&quot;:&quot;none&quot;}\" data-widget_type=\"text-editor.default\">\n\t\t\t\t<div class=\"elementor-widget-container\">\n\t\t\t\t\t\t\t\t\t<p>Nous sommes extr\u00eamement fiers de nos r\u00e9alisations jusqu'\u00e0 pr\u00e9sent, mais nos aspirations sont grandes, ce qui n\u00e9cessite un engagement envers l'am\u00e9lioration continue, non seulement pour nous-m\u00eames mais aussi pour nos clients.<\/p><p>L'introduction de nouvelles technologies dans votre main-d'\u0153uvre peut poser des d\u00e9fis, mais c'est pr\u00e9cis\u00e9ment lors de ces transitions que les capacit\u00e9s s'am\u00e9liorent et que des processus plus efficaces sont d\u00e9couverts.<\/p><p>En interne, notre \u00e9quipe am\u00e9liore constamment ses comp\u00e9tences gr\u00e2ce \u00e0 des s\u00e9minaires \u00e9ducatifs, des ateliers et en restant au courant des derni\u00e8res ressources dans leurs domaines respectifs. Nous croyons fermement que l'apprentissage ne se limite pas au processus d'embauche; c'est un voyage tout au long de la vie.<\/p><p>Continuez \u00e0 apprendre, continuez \u00e0 vous am\u00e9liorer.<\/p>\t\t\t\t\t\t\t\t<\/div>\n\t\t\t\t<\/div>\n\t\t\t\t<\/div>\n\t\t\t\t<\/div>\n\t\t\t\t<\/div>\n\t\t\t\t\t<\/div>\n\t\t\t\t<\/div>\n\t\t<div class=\"elementor-element elementor-element-d67094d e-flex e-con-boxed e-con e-parent\" data-id=\"d67094d\" data-element_type=\"container\" data-e-type=\"container\">\n\t\t\t\t\t<div class=\"e-con-inner\">\n\t\t<div class=\"elementor-element elementor-element-ca8ed65 e-con-full animated-fast e-flex elementor-invisible e-con e-child\" data-id=\"ca8ed65\" data-element_type=\"container\" data-e-type=\"container\" data-settings=\"{&quot;background_background&quot;:&quot;classic&quot;,&quot;animation&quot;:&quot;fadeInUp&quot;,&quot;animation_delay&quot;:100}\">\n\t\t<div class=\"elementor-element elementor-element-ac201b6 e-con-full e-flex e-con e-child\" data-id=\"ac201b6\" data-element_type=\"container\" data-e-type=\"container\">\n\t\t\t\t<div class=\"elementor-element elementor-element-6dabe21 animated-fast elementor-invisible elementor-widget elementor-widget-elementskit-heading\" data-id=\"6dabe21\" data-element_type=\"widget\" data-e-type=\"widget\" data-settings=\"{&quot;_animation&quot;:&quot;fadeIn&quot;,&quot;_animation_delay&quot;:100,&quot;ekit_we_effect_on&quot;:&quot;none&quot;}\" data-widget_type=\"elementskit-heading.default\">\n\t\t\t\t<div class=\"elementor-widget-container\">\n\t\t\t\t\t<div class=\"ekit-wid-con\" ><div class=\"ekit-heading elementskit-section-title-wraper text_left   ekit_heading_tablet-   ekit_heading_mobile-text_left\"><h2 class=\"ekit-heading--title elementskit-section-title\">Engagement<\/h2><\/div><\/div>\t\t\t\t<\/div>\n\t\t\t\t<\/div>\n\t\t<div class=\"elementor-element elementor-element-ec48c45 e-con-full e-flex e-con e-child\" data-id=\"ec48c45\" data-element_type=\"container\" data-e-type=\"container\">\n\t\t\t\t<div class=\"elementor-element elementor-element-b5435e6 elementor-widget elementor-widget-text-editor\" data-id=\"b5435e6\" data-element_type=\"widget\" data-e-type=\"widget\" data-settings=\"{&quot;ekit_we_effect_on&quot;:&quot;none&quot;}\" data-widget_type=\"text-editor.default\">\n\t\t\t\t<div class=\"elementor-widget-container\">\n\t\t\t\t\t\t\t\t\t<p>Nous accordons une grande importance aux relations durables que nous avons construites avec nos clients et nous sommes impatients de d\u00e9velopper des liens similaires avec de nouveaux clients. Notre solide bilan de plus de dix ans \u00e0 d\u00e9passer constamment les attentes a ouvert la voie \u00e0 ces connexions avec tous ceux avec qui nous collaborons.<\/p><p>Notre approche, qui consid\u00e8re chaque client comme un partenaire pr\u00e9cieux, s'est r\u00e9v\u00e9l\u00e9e \u00eatre mutuellement b\u00e9n\u00e9fique. Nous sommes profond\u00e9ment engag\u00e9s dans leur r\u00e9ussite, travaillant sans rel\u00e2che pour r\u00e9pondre \u00e0 leurs besoins et poursuivant sans cesse l'innovation dans nos services.<\/p><p>Notre engagement est r\u00e9solu dans tous nos efforts et incarne les principes qui d\u00e9finissent notre identit\u00e9.<\/p>\t\t\t\t\t\t\t\t<\/div>\n\t\t\t\t<\/div>\n\t\t\t\t<\/div>\n\t\t\t\t<\/div>\n\t\t\t\t<\/div>\n\t\t\t\t\t<\/div>\n\t\t\t\t<\/div>\n\t\t<div class=\"elementor-element elementor-element-5682abb e-flex e-con-boxed e-con e-parent\" data-id=\"5682abb\" data-element_type=\"container\" data-e-type=\"container\" data-settings=\"{&quot;background_background&quot;:&quot;classic&quot;}\">\n\t\t\t\t\t<div class=\"e-con-inner\">\n\t\t<div class=\"elementor-element elementor-element-06baa04 e-con-full e-flex e-con e-child\" data-id=\"06baa04\" data-element_type=\"container\" data-e-type=\"container\">\n\t\t\t\t<div class=\"elementor-element elementor-element-be8387d animated-fast elementor-invisible elementor-widget elementor-widget-elementskit-heading\" data-id=\"be8387d\" data-element_type=\"widget\" data-e-type=\"widget\" data-settings=\"{&quot;_animation&quot;:&quot;fadeIn&quot;,&quot;_animation_delay&quot;:100,&quot;ekit_we_effect_on&quot;:&quot;none&quot;}\" data-widget_type=\"elementskit-heading.default\">\n\t\t\t\t<div class=\"elementor-widget-container\">\n\t\t\t\t\t<div class=\"ekit-wid-con\" ><div class=\"ekit-heading elementskit-section-title-wraper text_center   ekit_heading_tablet-   ekit_heading_mobile-text_left\"><h6 class=\"elementskit-section-subtitle\">\n\t\t\t\t\t\tLaunch with ease\n\t\t\t\t\t<\/h6><h2 class=\"ekit-heading--title elementskit-section-title\">Lib\u00e9rez votre potentiel de vente au d\u00e9tail avec Analyticsmart.<\/h2><\/div><\/div>\t\t\t\t<\/div>\n\t\t\t\t<\/div>\n\t\t<div class=\"elementor-element elementor-element-a57dfc3 e-flex e-con-boxed e-con e-child\" data-id=\"a57dfc3\" data-element_type=\"container\" data-e-type=\"container\">\n\t\t\t\t\t<div class=\"e-con-inner\">\n\t\t\t\t<div class=\"elementor-element elementor-element-2492a67 elementor-align-left animated-fast elementor-invisible elementor-widget elementor-widget-elementskit-button\" data-id=\"2492a67\" data-element_type=\"widget\" data-e-type=\"widget\" data-settings=\"{&quot;_animation&quot;:&quot;pulse&quot;,&quot;_animation_delay&quot;:200,&quot;ekit_we_effect_on&quot;:&quot;none&quot;}\" data-widget_type=\"elementskit-button.default\">\n\t\t\t\t<div class=\"elementor-widget-container\">\n\t\t\t\t\t<div class=\"ekit-wid-con\" >\t\t<div class=\"ekit-btn-wraper\">\n\t\t\t\t\t\t\t<a href=\"https:\/\/staging.analyticsmart.com\/book-a-free-consultation\/\" class=\"elementskit-btn  whitespace--normal\" id=\"\">\n\t\t\t\t\tR\u00e9servez une consultation gratuite\t\t\t\t<\/a>\n\t\t\t\t\t<\/div>\n        <\/div>\t\t\t\t<\/div>\n\t\t\t\t<\/div>\n\t\t\t\t\t<\/div>\n\t\t\t\t<\/div>\n\t\t\t\t<\/div>\n\t\t\t\t\t<\/div>\n\t\t\t\t<\/div>\n\t\t\t\t<\/div>","protected":false},"excerpt":{"rendered":"<p>Who we are Our Values With a passion for technology and a commitment to excellence, we empower businesses to thrive in the retail landscape. Diversity Toronto proudly holds the distinction of being the most multicultural city in the world, a characteristic we aim to reflect in our workplace culture. We consider ourselves fortunate to draw [&hellip;]<\/p>\n","protected":false},"author":2,"featured_media":0,"parent":0,"menu_order":0,"comment_status":"closed","ping_status":"closed","template":"","meta":{"_coblocks_attr":"","_coblocks_dimensions":"","_coblocks_responsive_height":"","_coblocks_accordion_ie_support":"","content-type":"","footnotes":""},"class_list":["post-22357","page","type-page","status-publish","hentry"],"yoast_head":"<!-- This site is optimized with the Yoast SEO plugin v27.4 - https:\/\/yoast.com\/product\/yoast-seo-wordpress\/ -->\n<title>Our Values - Analyticsmart<\/title>\n<meta name=\"robots\" content=\"index, follow, max-snippet:-1, max-image-preview:large, max-video-preview:-1\" \/>\n<link rel=\"canonical\" href=\"https:\/\/analyticsmart.com\/fr\/our-values\/\" \/>\n<meta property=\"og:locale\" content=\"fr_FR\" \/>\n<meta property=\"og:type\" content=\"article\" \/>\n<meta property=\"og:title\" content=\"Our Values - Analyticsmart\" \/>\n<meta property=\"og:description\" content=\"Who we are Our Values With a passion for technology and a commitment to excellence, we empower businesses to thrive in the retail landscape. Diversity Toronto proudly holds the distinction of being the most multicultural city in the world, a characteristic we aim to reflect in our workplace culture. We consider ourselves fortunate to draw [&hellip;]\" \/>\n<meta property=\"og:url\" content=\"https:\/\/analyticsmart.com\/fr\/our-values\/\" \/>\n<meta property=\"og:site_name\" content=\"Analyticsmart\" \/>\n<meta property=\"article:modified_time\" content=\"2024-03-14T16:24:17+00:00\" \/>\n<meta name=\"twitter:card\" content=\"summary_large_image\" \/>\n<meta name=\"twitter:label1\" content=\"Dur\u00e9e de lecture estim\u00e9e\" \/>\n\t<meta name=\"twitter:data1\" content=\"3 minutes\" \/>\n<script type=\"application\/ld+json\" class=\"yoast-schema-graph\">{\"@context\":\"https:\\\/\\\/schema.org\",\"@graph\":[{\"@type\":\"WebPage\",\"@id\":\"https:\\\/\\\/analyticsmart.com\\\/our-values\\\/\",\"url\":\"https:\\\/\\\/analyticsmart.com\\\/our-values\\\/\",\"name\":\"Our Values - Analyticsmart\",\"isPartOf\":{\"@id\":\"https:\\\/\\\/analyticsmart.com\\\/#website\"},\"datePublished\":\"2024-03-11T16:15:59+00:00\",\"dateModified\":\"2024-03-14T16:24:17+00:00\",\"breadcrumb\":{\"@id\":\"https:\\\/\\\/analyticsmart.com\\\/our-values\\\/#breadcrumb\"},\"inLanguage\":\"fr-FR\",\"potentialAction\":[{\"@type\":\"ReadAction\",\"target\":[\"https:\\\/\\\/analyticsmart.com\\\/our-values\\\/\"]}]},{\"@type\":\"BreadcrumbList\",\"@id\":\"https:\\\/\\\/analyticsmart.com\\\/our-values\\\/#breadcrumb\",\"itemListElement\":[{\"@type\":\"ListItem\",\"position\":1,\"name\":\"Home\",\"item\":\"https:\\\/\\\/analyticsmart.com\\\/\"},{\"@type\":\"ListItem\",\"position\":2,\"name\":\"Our Values\"}]},{\"@type\":\"WebSite\",\"@id\":\"https:\\\/\\\/analyticsmart.com\\\/#website\",\"url\":\"https:\\\/\\\/analyticsmart.com\\\/\",\"name\":\"Analyticsmart\",\"description\":\"\",\"potentialAction\":[{\"@type\":\"SearchAction\",\"target\":{\"@type\":\"EntryPoint\",\"urlTemplate\":\"https:\\\/\\\/analyticsmart.com\\\/?s={search_term_string}\"},\"query-input\":{\"@type\":\"PropertyValueSpecification\",\"valueRequired\":true,\"valueName\":\"search_term_string\"}}],\"inLanguage\":\"fr-FR\"}]}<\/script>\n<!-- \/ Yoast SEO plugin. -->","yoast_head_json":{"title":"Our Values - Analyticsmart","robots":{"index":"index","follow":"follow","max-snippet":"max-snippet:-1","max-image-preview":"max-image-preview:large","max-video-preview":"max-video-preview:-1"},"canonical":"https:\/\/analyticsmart.com\/fr\/our-values\/","og_locale":"fr_FR","og_type":"article","og_title":"Our Values - Analyticsmart","og_description":"Who we are Our Values With a passion for technology and a commitment to excellence, we empower businesses to thrive in the retail landscape. Diversity Toronto proudly holds the distinction of being the most multicultural city in the world, a characteristic we aim to reflect in our workplace culture. We consider ourselves fortunate to draw [&hellip;]","og_url":"https:\/\/analyticsmart.com\/fr\/our-values\/","og_site_name":"Analyticsmart","article_modified_time":"2024-03-14T16:24:17+00:00","twitter_card":"summary_large_image","twitter_misc":{"Dur\u00e9e de lecture estim\u00e9e":"3 minutes"},"schema":{"@context":"https:\/\/schema.org","@graph":[{"@type":"WebPage","@id":"https:\/\/analyticsmart.com\/our-values\/","url":"https:\/\/analyticsmart.com\/our-values\/","name":"Our Values - Analyticsmart","isPartOf":{"@id":"https:\/\/analyticsmart.com\/#website"},"datePublished":"2024-03-11T16:15:59+00:00","dateModified":"2024-03-14T16:24:17+00:00","breadcrumb":{"@id":"https:\/\/analyticsmart.com\/our-values\/#breadcrumb"},"inLanguage":"fr-FR","potentialAction":[{"@type":"ReadAction","target":["https:\/\/analyticsmart.com\/our-values\/"]}]},{"@type":"BreadcrumbList","@id":"https:\/\/analyticsmart.com\/our-values\/#breadcrumb","itemListElement":[{"@type":"ListItem","position":1,"name":"Home","item":"https:\/\/analyticsmart.com\/"},{"@type":"ListItem","position":2,"name":"Our Values"}]},{"@type":"WebSite","@id":"https:\/\/analyticsmart.com\/#website","url":"https:\/\/analyticsmart.com\/","name":"Analyticsmart","description":"","potentialAction":[{"@type":"SearchAction","target":{"@type":"EntryPoint","urlTemplate":"https:\/\/analyticsmart.com\/?s={search_term_string}"},"query-input":{"@type":"PropertyValueSpecification","valueRequired":true,"valueName":"search_term_string"}}],"inLanguage":"fr-FR"}]}},"_links":{"self":[{"href":"https:\/\/analyticsmart.com\/fr\/wp-json\/wp\/v2\/pages\/22357","targetHints":{"allow":["GET"]}}],"collection":[{"href":"https:\/\/analyticsmart.com\/fr\/wp-json\/wp\/v2\/pages"}],"about":[{"href":"https:\/\/analyticsmart.com\/fr\/wp-json\/wp\/v2\/types\/page"}],"author":[{"embeddable":true,"href":"https:\/\/analyticsmart.com\/fr\/wp-json\/wp\/v2\/users\/2"}],"replies":[{"embeddable":true,"href":"https:\/\/analyticsmart.com\/fr\/wp-json\/wp\/v2\/comments?post=22357"}],"version-history":[{"count":10,"href":"https:\/\/analyticsmart.com\/fr\/wp-json\/wp\/v2\/pages\/22357\/revisions"}],"predecessor-version":[{"id":22461,"href":"https:\/\/analyticsmart.com\/fr\/wp-json\/wp\/v2\/pages\/22357\/revisions\/22461"}],"wp:attachment":[{"href":"https:\/\/analyticsmart.com\/fr\/wp-json\/wp\/v2\/media?parent=22357"}],"curies":[{"name":"wp","href":"https:\/\/api.w.org\/{rel}","templated":true}]}}